{"id":475,"date":"2025-08-24T02:09:50","date_gmt":"2025-08-24T00:09:50","guid":{"rendered":"https:\/\/eppure.net\/?post_type=product&#038;p=475"},"modified":"2025-08-24T02:09:50","modified_gmt":"2025-08-24T00:09:50","slug":"beatriz-arzamendi-sorginen-soinua-el-sonido-de-las-brujas","status":"publish","type":"product","link":"https:\/\/eppure.net\/?product=beatriz-arzamendi-sorginen-soinua-el-sonido-de-las-brujas","title":{"rendered":"BEATRIZ ARZAMENDI- SORGINEN SOINUA (El sonido de las brujas)"},"content":{"rendered":"<p><strong>A\u00f1o:<\/strong>\u00a02021<\/p>\n<p><strong>Plantilla:<\/strong>\u00a02[1.2 pic]2[1.2Eh]2[1.2\/Bcl] 2-4231-T+2-Cuerda (12.10.8.6.4)<\/p>\n<p><strong>Duraci\u00f3n:<\/strong>\u00a015\u2019<\/p>\n<p>Las partes instrumentales individuales se entregan bajo demanda sin coste adicional.<\/p>\n","protected":false},"excerpt":{"rendered":"<p>\u00abSiempre he sentido una enorme atracci\u00f3n por el m\u00e1gico, sugerente y misterioso mundo de las brujas. Muchas de las leyendas, mitos y supersticiones presentes en nuestra cultura vasco-navarra, las he escuchado en el entorno familiar. Nac\u00ed en Arrasate-Mondrag\u00f3n, crec\u00ed rodeada de monta\u00f1as, como <em>Udalaitz\u00a0<\/em>y\u00a0<em>Anboto,<\/em>\u00a0dos cumbres emblem\u00e1ticas de la monta\u00f1a vasca. En esta \u00faltima viv\u00eda Mari o la dama de\u00a0<em>Anboto,<\/em>\u00a0considerada como maestra y se\u00f1ora de las brujas, y protagonista de muchos de los relatos que escuchaba acerca de este fascinante mundo.<\/p>\n<p><strong><em>Sorginen soinua\u00a0<\/em><\/strong>se estren\u00f3 en Pamplona el 29 de septiembre de 2022 bajo la direcci\u00f3n del maestro Perry So.\u00bb<\/p>\n","protected":false},"featured_media":477,"comment_status":"open","ping_status":"closed","template":"","meta":{"_monsterinsights_skip_tracking":false,"_monsterinsights_sitenote_active":false,"_monsterinsights_sitenote_note":"","_monsterinsights_sitenote_category":0},"product_brand":[],"product_cat":[35,64,63],"product_tag":[],"class_list":{"0":"post-475","1":"product","2":"type-product","3":"status-publish","4":"has-post-thumbnail","6":"product_cat-beatriz-arzamendi","7":"product_cat-brujas","8":"product_cat-orquesta-sinfonica","10":"first","11":"instock","12":"downloadable","13":"taxable","14":"shipping-taxable","15":"purchasable","16":"product-type-simple"},"aioseo_notices":[],"_links":{"self":[{"href":"https:\/\/eppure.net\/index.php?rest_route=\/wp\/v2\/product\/475","targetHints":{"allow":["GET"]}}],"collection":[{"href":"https:\/\/eppure.net\/index.php?rest_route=\/wp\/v2\/product"}],"about":[{"href":"https:\/\/eppure.net\/index.php?rest_route=\/wp\/v2\/types\/product"}],"replies":[{"embeddable":true,"href":"https:\/\/eppure.net\/index.php?rest_route=%2Fwp%2Fv2%2Fcomments&post=475"}],"wp:featuredmedia":[{"embeddable":true,"href":"https:\/\/eppure.net\/index.php?rest_route=\/wp\/v2\/media\/477"}],"wp:attachment":[{"href":"https:\/\/eppure.net\/index.php?rest_route=%2Fwp%2Fv2%2Fmedia&parent=475"}],"wp:term":[{"taxonomy":"product_brand","embeddable":true,"href":"https:\/\/eppure.net\/index.php?rest_route=%2Fwp%2Fv2%2Fproduct_brand&post=475"},{"taxonomy":"product_cat","embeddable":true,"href":"https:\/\/eppure.net\/index.php?rest_route=%2Fwp%2Fv2%2Fproduct_cat&post=475"},{"taxonomy":"product_tag","embeddable":true,"href":"https:\/\/eppure.net\/index.php?rest_route=%2Fwp%2Fv2%2Fproduct_tag&post=475"}],"curies":[{"name":"wp","href":"https:\/\/api.w.org\/{rel}","templated":true}]}}