{"id":449,"date":"2025-08-03T01:44:50","date_gmt":"2025-08-02T23:44:50","guid":{"rendered":"https:\/\/eppure.net\/?post_type=product&#038;p=449"},"modified":"2025-10-29T21:18:27","modified_gmt":"2025-10-29T20:18:27","slug":"beatriz-arzamendi-dos-canciones-infantiles","status":"publish","type":"product","link":"https:\/\/eppure.net\/?product=beatriz-arzamendi-dos-canciones-infantiles","title":{"rendered":"BEATRIZ ARZAMENDI- DOS CANCIONES INFANTILES"},"content":{"rendered":"<p>Duraci\u00f3n:<\/p>\n<p>I. El sol: 4:23<\/p>\n<p>II: Caperucita Rosa: 3:20<\/p>\n<p>https:\/\/open.spotify.com\/intl-es\/track\/40qZ4eriEEOrkKENmEVrLW<\/p>\n<p>A\u00f1o de composici\u00f3n: 2021<\/p>\n<p>Estreno: \u00a0CANTANDO A DOS POETISAS: \u00c1NGELA FIGUERA AYMERICH Y CARMEN CONDE. 8 de marzo de 2022 en la Sala Negra de los Teatros del Canal de Madrid.(Soprano, Lorena Paz Nieto\/ Piano, Albert Nieto).<\/p>\n<p>\u00abLas dos poetas ten\u00edan muchas cosas en com\u00fan: edad muy cercana, trabajaron en el campo de la ense\u00f1anza, sufrieron las consecuencias de la guerra civil, habiendo de reconstruir sus vidas desde la nada, y adem\u00e1s se posicionaron en la defensa de las libertades y de los derechos de la mujer. Ambas poetas se profesaron gran amistad, que se inici\u00f3 con el env\u00edo por parte de \u00c1ngela de su primera publicaci\u00f3n, Mujer de barro, con una dedicatoria significativa, que explicita una declaraci\u00f3n de conciencia, si no feminista, s\u00ed de mujer consciente de su condici\u00f3n; un compromiso que luego se ver\u00eda refrendado en 1950 en uno de los poemas fundamentales de \u00c1ngela: \u201cExhortaci\u00f3n impertinente a mis hermanas poetisas\u201d, dedicado, y tampoco es casual, a su amiga: \u201cA Carmen Conde, mujer y poetisa, otra mujer. Madrid, mayo, 1948\u201d. Mantuvieron colaboraci\u00f3n en el terreno literario, y Carmen divulg\u00f3 los poemas de \u00c1ngela tanto en sus emisiones en Radio Nacional de Espa\u00f1a como en las distintas publicaciones en las que colaboraba. El temor a la censura por parte de \u00c1ngela Figuera Aymerich hizo que la considerada como su mejor obra, Belleza cruel, prologada por Le\u00f3n Felipe, fuera publicada en M\u00e9xico a trav\u00e9s de la gesti\u00f3n del escritor Max Aub, obteniendo el premio Nueva Espa\u00f1a otorgado por la Uni\u00f3n de Intelectuales Espa\u00f1oles de dicho pa\u00eds. Carmen Conde fue la primera mujer espa\u00f1ola en acceder a un puesto en la Real Academia Espa\u00f1ola, fue Premio Nacional de Poes\u00eda y una de las voces m\u00e1s prol\u00edficas de la poes\u00eda espa\u00f1ola, no solo del siglo XX sino de todos los tiempos. En definitiva, dos poetas y dos mujeres adelantadas a la \u00e9poca dif\u00edcil en la que les toc\u00f3 vivir.\u00bb<\/p>\n<p>&nbsp;<\/p>\n","protected":false},"excerpt":{"rendered":"<p>sobre poemas de \u00c1ngela Figuera Aymerich<\/p>\n<p>I. El sol<\/p>\n<p>II. Caperucita Rosa<\/p>\n<p>&nbsp;<\/p>\n","protected":false},"featured_media":450,"comment_status":"open","ping_status":"closed","template":"","meta":{"_monsterinsights_skip_tracking":false,"_monsterinsights_sitenote_active":false,"_monsterinsights_sitenote_note":"","_monsterinsights_sitenote_category":0},"product_brand":[],"product_cat":[35,47,25,27,48],"product_tag":[59,26],"class_list":{"0":"post-449","1":"product","2":"type-product","3":"status-publish","4":"has-post-thumbnail","6":"product_cat-beatriz-arzamendi","7":"product_cat-canto","8":"product_cat-musica-de-camara-vocal","9":"product_cat-piano","10":"product_cat-soprano","11":"product_tag-canto","12":"product_tag-piano","14":"first","15":"instock","16":"downloadable","17":"taxable","18":"shipping-taxable","19":"purchasable","20":"product-type-simple"},"aioseo_notices":[],"_links":{"self":[{"href":"https:\/\/eppure.net\/index.php?rest_route=\/wp\/v2\/product\/449","targetHints":{"allow":["GET"]}}],"collection":[{"href":"https:\/\/eppure.net\/index.php?rest_route=\/wp\/v2\/product"}],"about":[{"href":"https:\/\/eppure.net\/index.php?rest_route=\/wp\/v2\/types\/product"}],"replies":[{"embeddable":true,"href":"https:\/\/eppure.net\/index.php?rest_route=%2Fwp%2Fv2%2Fcomments&post=449"}],"wp:featuredmedia":[{"embeddable":true,"href":"https:\/\/eppure.net\/index.php?rest_route=\/wp\/v2\/media\/450"}],"wp:attachment":[{"href":"https:\/\/eppure.net\/index.php?rest_route=%2Fwp%2Fv2%2Fmedia&parent=449"}],"wp:term":[{"taxonomy":"product_brand","embeddable":true,"href":"https:\/\/eppure.net\/index.php?rest_route=%2Fwp%2Fv2%2Fproduct_brand&post=449"},{"taxonomy":"product_cat","embeddable":true,"href":"https:\/\/eppure.net\/index.php?rest_route=%2Fwp%2Fv2%2Fproduct_cat&post=449"},{"taxonomy":"product_tag","embeddable":true,"href":"https:\/\/eppure.net\/index.php?rest_route=%2Fwp%2Fv2%2Fproduct_tag&post=449"}],"curies":[{"name":"wp","href":"https:\/\/api.w.org\/{rel}","templated":true}]}}