{"id":445,"date":"2025-08-02T17:40:28","date_gmt":"2025-08-02T15:40:28","guid":{"rendered":"https:\/\/eppure.net\/?post_type=product&#038;p=445"},"modified":"2025-10-19T08:15:01","modified_gmt":"2025-10-19T06:15:01","slug":"beatriz-arzamendi-li-bat-bat","status":"publish","type":"product","link":"https:\/\/eppure.net\/?product=beatriz-arzamendi-li-bat-bat","title":{"rendered":"BEATRIZ ARZAMENDI-LI, BAT BAT"},"content":{"rendered":"<p>Para coro femenino SSSAAA y piano opcional<\/p>\n<p><strong>Estreno:<\/strong>\u00a0Ciclo \u00abHoy compositoras\u00bb de la Fundaci\u00f3n SGAE\u00a0 el 11 de mayo de 2019 en la SALA BERLANGA Madrid<\/p>\n<p><strong>Int\u00e9rprete:<\/strong>\u00a0Ensemble PROYECTO COMPOSITORAS, Voces en femenino. Patricia Kleinman, directora.<\/p>\n<p><strong>Duraci\u00f3n:<\/strong> 6:35<\/p>\n<p><iframe loading=\"lazy\" title=\"Proyecto Compositoras: Beatriz Arzamendi-Li bat bat\" width=\"830\" height=\"467\" src=\"https:\/\/www.youtube.com\/embed\/UeniPYezkms?feature=oembed\" frameborder=\"0\" allow=\"accelerometer; autoplay; clipboard-write; encrypted-media; gyroscope; picture-in-picture; web-share\" referrerpolicy=\"strict-origin-when-cross-origin\" allowfullscreen><\/iframe><\/p>\n","protected":false},"excerpt":{"rendered":"<p>Basado en una canci\u00f3n popular vasca. Para Soprano I, Soprano II, Soprano III, Alto I, Alto II, Alto III.<\/p>\n<p>\u00abHe crecido en un ambiente de gran tradici\u00f3n coral, en medio de esa tendencia innata \u2013 dir\u00eda yo- de los vascos al canto colectivo; para y en cualquier circunstancia y con cualquier motivo. Esto explica que para m\u00ed sean las voces uno de los instrumentos m\u00e1s expresivos y naturales.<br \/>\n\u201cLi, bat bat\u201d nace de una necesidad personal de experimentaci\u00f3n y exploraci\u00f3n a trav\u00e9s del texto de la canci\u00f3n popular vasca \u201cLili Eder bat\u201d(Una bella flor). Mi propuesta es un juego a trav\u00e9s de las s\u00edlabas y las sonoridades que surgen del propio texto: fragmentando palabras, la propia melod\u00eda , repitiendo s\u00edlabas , manipulando, deconstruyendo en definitiva el material y articulando nuevos elementos . D\u00e1ndole un nuevo sentido al mensaje musical para finalmente concebir esta nueva obra.\u00bb<\/p>\n","protected":false},"featured_media":446,"comment_status":"open","ping_status":"closed","template":"","meta":{"_monsterinsights_skip_tracking":false,"_monsterinsights_sitenote_active":false,"_monsterinsights_sitenote_note":"","_monsterinsights_sitenote_category":0},"product_brand":[],"product_cat":[35,58,24],"product_tag":[],"class_list":{"0":"post-445","1":"product","2":"type-product","3":"status-publish","4":"has-post-thumbnail","6":"product_cat-beatriz-arzamendi","7":"product_cat-coro-femenino","8":"product_cat-musica-coral","10":"first","11":"instock","12":"downloadable","13":"taxable","14":"shipping-taxable","15":"purchasable","16":"product-type-simple"},"aioseo_notices":[],"_links":{"self":[{"href":"https:\/\/eppure.net\/index.php?rest_route=\/wp\/v2\/product\/445","targetHints":{"allow":["GET"]}}],"collection":[{"href":"https:\/\/eppure.net\/index.php?rest_route=\/wp\/v2\/product"}],"about":[{"href":"https:\/\/eppure.net\/index.php?rest_route=\/wp\/v2\/types\/product"}],"replies":[{"embeddable":true,"href":"https:\/\/eppure.net\/index.php?rest_route=%2Fwp%2Fv2%2Fcomments&post=445"}],"wp:featuredmedia":[{"embeddable":true,"href":"https:\/\/eppure.net\/index.php?rest_route=\/wp\/v2\/media\/446"}],"wp:attachment":[{"href":"https:\/\/eppure.net\/index.php?rest_route=%2Fwp%2Fv2%2Fmedia&parent=445"}],"wp:term":[{"taxonomy":"product_brand","embeddable":true,"href":"https:\/\/eppure.net\/index.php?rest_route=%2Fwp%2Fv2%2Fproduct_brand&post=445"},{"taxonomy":"product_cat","embeddable":true,"href":"https:\/\/eppure.net\/index.php?rest_route=%2Fwp%2Fv2%2Fproduct_cat&post=445"},{"taxonomy":"product_tag","embeddable":true,"href":"https:\/\/eppure.net\/index.php?rest_route=%2Fwp%2Fv2%2Fproduct_tag&post=445"}],"curies":[{"name":"wp","href":"https:\/\/api.w.org\/{rel}","templated":true}]}}