{"id":428,"date":"2025-07-31T13:33:52","date_gmt":"2025-07-31T11:33:52","guid":{"rendered":"https:\/\/eppure.net\/?post_type=product&#038;p=428"},"modified":"2025-10-29T21:19:01","modified_gmt":"2025-10-29T20:19:01","slug":"beatriz-arzamendi-por-encima-de-todas-las-zarzas-y-por-debajo-de-todas-las-nubes","status":"publish","type":"product","link":"https:\/\/eppure.net\/?product=beatriz-arzamendi-por-encima-de-todas-las-zarzas-y-por-debajo-de-todas-las-nubes","title":{"rendered":"BEATRIZ ARZAMENDI- \u00a1Por encima de todas las zarzas y por debajo de todas las nubes!"},"content":{"rendered":"<p>Para clave<\/p>\n<p>A\u00f1o de composici\u00f3n: 2013<\/p>\n<p>Duraci\u00f3n: 5&#8242;<\/p>\n<p>&nbsp;<\/p>\n","protected":false},"excerpt":{"rendered":"<p>Esta obra \u00abest\u00e1 inspirada en una frase que seg\u00fan la mitolog\u00eda vasca, recitaban las brujas para volar.<br \/>\nLa expresi\u00f3n musical de una mirada que observa el mundo circundante desde la altura, nuevas im\u00e1genes y sensaciones de un universo repleto de enso\u00f1aciones, sin l\u00edmites entre realidad y fantas\u00eda.\u201d<\/p>\n","protected":false},"featured_media":429,"comment_status":"open","ping_status":"closed","template":"","meta":{"_monsterinsights_skip_tracking":false,"_monsterinsights_sitenote_active":false,"_monsterinsights_sitenote_note":"","_monsterinsights_sitenote_category":0},"product_brand":[],"product_cat":[35,52],"product_tag":[],"class_list":{"0":"post-428","1":"product","2":"type-product","3":"status-publish","4":"has-post-thumbnail","6":"product_cat-beatriz-arzamendi","7":"product_cat-clave","9":"first","10":"instock","11":"downloadable","12":"taxable","13":"shipping-taxable","14":"purchasable","15":"product-type-simple"},"aioseo_notices":[],"_links":{"self":[{"href":"https:\/\/eppure.net\/index.php?rest_route=\/wp\/v2\/product\/428","targetHints":{"allow":["GET"]}}],"collection":[{"href":"https:\/\/eppure.net\/index.php?rest_route=\/wp\/v2\/product"}],"about":[{"href":"https:\/\/eppure.net\/index.php?rest_route=\/wp\/v2\/types\/product"}],"replies":[{"embeddable":true,"href":"https:\/\/eppure.net\/index.php?rest_route=%2Fwp%2Fv2%2Fcomments&post=428"}],"wp:featuredmedia":[{"embeddable":true,"href":"https:\/\/eppure.net\/index.php?rest_route=\/wp\/v2\/media\/429"}],"wp:attachment":[{"href":"https:\/\/eppure.net\/index.php?rest_route=%2Fwp%2Fv2%2Fmedia&parent=428"}],"wp:term":[{"taxonomy":"product_brand","embeddable":true,"href":"https:\/\/eppure.net\/index.php?rest_route=%2Fwp%2Fv2%2Fproduct_brand&post=428"},{"taxonomy":"product_cat","embeddable":true,"href":"https:\/\/eppure.net\/index.php?rest_route=%2Fwp%2Fv2%2Fproduct_cat&post=428"},{"taxonomy":"product_tag","embeddable":true,"href":"https:\/\/eppure.net\/index.php?rest_route=%2Fwp%2Fv2%2Fproduct_tag&post=428"}],"curies":[{"name":"wp","href":"https:\/\/api.w.org\/{rel}","templated":true}]}}