{"id":417,"date":"2025-07-30T01:35:02","date_gmt":"2025-07-29T23:35:02","guid":{"rendered":"https:\/\/eppure.net\/?post_type=product&#038;p=417"},"modified":"2025-10-19T08:16:19","modified_gmt":"2025-10-19T06:16:19","slug":"beatriz-arzamendi-quorum","status":"publish","type":"product","link":"https:\/\/eppure.net\/?product=beatriz-arzamendi-quorum","title":{"rendered":"BEATRIZ ARZAMENDI- QUORUM"},"content":{"rendered":"<p>Para viola sola.<\/p>\n<p>Esta obra fue un encargo del \u201cCongreso de la Sociedad<br \/>\nIberoamericana de Glaucoma\u201d (SIBAG), \u00a02008.<\/p>\n","protected":false},"excerpt":{"rendered":"<p>\u00abSe trata de una obra que refleja la gran versatilidad de la viola, cuyo mundo sonoro se presta a las t\u00e9cnicas instrumentales m\u00e1s avanzadas y atractivas.<br \/>\nHe utilizado una serie de efectos sonoros: glissandi sobre arm\u00f3nicos, pizzicato de mano izquierda, dobles cuerdas y todo un abanico de colores imaginables. Estos, en el universo de este instrumento, se ven enriquecidos por la profundidad que aporta la 5\u00aa m\u00e1s grave de la viola frente al viol\u00edn, sin por ello restar agilidad y destreza.<br \/>\nTiene una clara forma ABA que nace y muere a partir de unos arm\u00f3nicos sucedidos por un cinquillo que baila constantemente sobre el intervalo de un semitono.<br \/>\nLa parte central de la obra es de claro sentido virtuos\u00edstico , r\u00e1pida y rotunda.<br \/>\nEn cuanto al t\u00edtulo, QUORUM, nos llega del lat\u00edn quorum praesentia sufficit lo que hemos adoptado como presencia suficiente para constituir una asamblea, un tomar un acuerdo.<br \/>\nHe querido expresar as\u00ed la suficiencia del instrumento para tener presencia per se y haciendo innecesaria la colaboraci\u00f3n de cualquier otro instrumento para llegar a construir una expresi\u00f3n musical contundente y definitiva.\u00bb<\/p>\n","protected":false},"featured_media":418,"comment_status":"open","ping_status":"closed","template":"","meta":{"_monsterinsights_skip_tracking":false,"_monsterinsights_sitenote_active":false,"_monsterinsights_sitenote_note":"","_monsterinsights_sitenote_category":0},"product_brand":[],"product_cat":[35,33],"product_tag":[],"class_list":{"0":"post-417","1":"product","2":"type-product","3":"status-publish","4":"has-post-thumbnail","6":"product_cat-beatriz-arzamendi","7":"product_cat-viola","9":"first","10":"instock","11":"downloadable","12":"taxable","13":"shipping-taxable","14":"purchasable","15":"product-type-simple"},"aioseo_notices":[],"_links":{"self":[{"href":"https:\/\/eppure.net\/index.php?rest_route=\/wp\/v2\/product\/417","targetHints":{"allow":["GET"]}}],"collection":[{"href":"https:\/\/eppure.net\/index.php?rest_route=\/wp\/v2\/product"}],"about":[{"href":"https:\/\/eppure.net\/index.php?rest_route=\/wp\/v2\/types\/product"}],"replies":[{"embeddable":true,"href":"https:\/\/eppure.net\/index.php?rest_route=%2Fwp%2Fv2%2Fcomments&post=417"}],"wp:featuredmedia":[{"embeddable":true,"href":"https:\/\/eppure.net\/index.php?rest_route=\/wp\/v2\/media\/418"}],"wp:attachment":[{"href":"https:\/\/eppure.net\/index.php?rest_route=%2Fwp%2Fv2%2Fmedia&parent=417"}],"wp:term":[{"taxonomy":"product_brand","embeddable":true,"href":"https:\/\/eppure.net\/index.php?rest_route=%2Fwp%2Fv2%2Fproduct_brand&post=417"},{"taxonomy":"product_cat","embeddable":true,"href":"https:\/\/eppure.net\/index.php?rest_route=%2Fwp%2Fv2%2Fproduct_cat&post=417"},{"taxonomy":"product_tag","embeddable":true,"href":"https:\/\/eppure.net\/index.php?rest_route=%2Fwp%2Fv2%2Fproduct_tag&post=417"}],"curies":[{"name":"wp","href":"https:\/\/api.w.org\/{rel}","templated":true}]}}