{"id":414,"date":"2025-07-29T22:05:19","date_gmt":"2025-07-29T20:05:19","guid":{"rendered":"https:\/\/eppure.net\/?post_type=product&#038;p=414"},"modified":"2025-10-29T21:19:21","modified_gmt":"2025-10-29T20:19:21","slug":"beatriz-arzamendi-policronias-de-las-sibilas","status":"publish","type":"product","link":"https:\/\/eppure.net\/?product=beatriz-arzamendi-policronias-de-las-sibilas","title":{"rendered":"BEATRIZ ARZAMENDI-POLICRON\u00cdAS DE LAS SIBILAS"},"content":{"rendered":"<p>Obra para violoncello solo (2020).<\/p>\n<p>\u00abDesde la antig\u00fcedad las leyendas cuentan la existencia de numerosas Sibilas, de las que actualmente se<br \/>\naceptan una docena.<br \/>\nPolicron\u00edas de las Sibilas se construye a base de diferentes secuencias, lo que aparece puede desaparecer en un instante, cambios de velocidad, estados y emociones diversas, mutaciones repentinas, radicales en las que el factor sorpresa juega un papel importante.<br \/>\nEstos elementos viajan de una secci\u00f3n a otra de la m\u00fasica nutriendo la partitura a base de estratos de tiempo m\u00faltiples.\u00bb<\/p>\n","protected":false},"excerpt":{"rendered":"<p>Encargo del Centro Nacional de Difusi\u00f3n Musical (CNDM) para el Festival de M\u00fasica<br \/>\nEspa\u00f1ola de C\u00e1diz, temporada 2020\/21. Estreno a cargo de la violonchelista Kathleen Balfe. La obra \u00abest\u00e1 basada en la figura de las Sibilas, profetisas de la mitolog\u00eda griega y romana. Gozaban de una reconocida facultad para desentra\u00f1ar el futuro. Representaban un soporte frente a la incertidumbre del porvenir<br \/>\nSu existencia y prestigio es una de las pocas muestras de respeto a la inteligencia femenina que aparece<br \/>\nrese\u00f1ada en la Historia de esa \u00e9poca y de otras muchas posteriores.<\/p>\n","protected":false},"featured_media":415,"comment_status":"open","ping_status":"closed","template":"","meta":{"_monsterinsights_skip_tracking":false,"_monsterinsights_sitenote_active":false,"_monsterinsights_sitenote_note":"","_monsterinsights_sitenote_category":0},"product_brand":[],"product_cat":[35,49],"product_tag":[],"class_list":{"0":"post-414","1":"product","2":"type-product","3":"status-publish","4":"has-post-thumbnail","6":"product_cat-beatriz-arzamendi","7":"product_cat-cello","9":"first","10":"instock","11":"downloadable","12":"taxable","13":"shipping-taxable","14":"purchasable","15":"product-type-simple"},"aioseo_notices":[],"_links":{"self":[{"href":"https:\/\/eppure.net\/index.php?rest_route=\/wp\/v2\/product\/414","targetHints":{"allow":["GET"]}}],"collection":[{"href":"https:\/\/eppure.net\/index.php?rest_route=\/wp\/v2\/product"}],"about":[{"href":"https:\/\/eppure.net\/index.php?rest_route=\/wp\/v2\/types\/product"}],"replies":[{"embeddable":true,"href":"https:\/\/eppure.net\/index.php?rest_route=%2Fwp%2Fv2%2Fcomments&post=414"}],"wp:featuredmedia":[{"embeddable":true,"href":"https:\/\/eppure.net\/index.php?rest_route=\/wp\/v2\/media\/415"}],"wp:attachment":[{"href":"https:\/\/eppure.net\/index.php?rest_route=%2Fwp%2Fv2%2Fmedia&parent=414"}],"wp:term":[{"taxonomy":"product_brand","embeddable":true,"href":"https:\/\/eppure.net\/index.php?rest_route=%2Fwp%2Fv2%2Fproduct_brand&post=414"},{"taxonomy":"product_cat","embeddable":true,"href":"https:\/\/eppure.net\/index.php?rest_route=%2Fwp%2Fv2%2Fproduct_cat&post=414"},{"taxonomy":"product_tag","embeddable":true,"href":"https:\/\/eppure.net\/index.php?rest_route=%2Fwp%2Fv2%2Fproduct_tag&post=414"}],"curies":[{"name":"wp","href":"https:\/\/api.w.org\/{rel}","templated":true}]}}