{"id":397,"date":"2025-07-28T16:52:29","date_gmt":"2025-07-28T14:52:29","guid":{"rendered":"https:\/\/eppure.net\/?post_type=product&#038;p=397"},"modified":"2025-10-29T21:16:19","modified_gmt":"2025-10-29T20:16:19","slug":"beatriz-arzamendi-il-cucco","status":"publish","type":"product","link":"https:\/\/eppure.net\/?product=beatriz-arzamendi-il-cucco","title":{"rendered":"Beatriz Arzamendi- Il cucco"},"content":{"rendered":"<p>Ciclo de 5 obras para oboe (oboe d&#8217;amore, corno ingl\u00e9s, oboe) y piano:<\/p>\n<p>I. Las nieves y los fr\u00edos<\/p>\n<p>&#8230;cuando se disipan las nieves y los fr\u00edos<\/p>\n<p>II. Las golondrinas<\/p>\n<p>&#8230;cuando las golondrinas se re\u00fanen para su lejano vuelo<\/p>\n<p>III. El saltamontes<\/p>\n<p>\u2026cuando el saltamontes se enreda entre las zarzas<\/p>\n<p>IV. Los vientos templados<\/p>\n<p>\u2026y los vientos templados suspiran<\/p>\n<p>V. La voce del Cucco<\/p>\n<p>\u2026la prima voce del cucco<\/p>\n","protected":false},"excerpt":{"rendered":"<p>Ciclo de 5 obras para oboe d&#8217;amore, corno ingl\u00e9s , oboe, y piano. Las partes separadas se env\u00edan bajo demanda sin coste adicional.<\/p>\n<p>\u00abEl universo de un momento concreto que se anuncia con un rayo de sol, cuando la primavera ya se acerca\u2026<br \/>\nIrrumpe en la atm\u00f3sfera, sorteando las nubes y aterriza en nuestros campos , en nuestra vida transfiriendo d\u00f3sis de energ\u00eda, \u201cIL CUCCO\u201d.<br \/>\nSignos que completan un viaje a trav\u00e9s del tiempo que se repite en el tiempo que contrasta con la brevedad de este viaje.<br \/>\nLa utilizaci\u00f3n del oboe d\u2019amore, el corno ingl\u00e9s y el oboe me permiten abarcar todo este universo de est\u00edmulos.<br \/>\n\u2026que el canto del cucco nos acompa\u00f1e siempre.\u00bb<\/p>\n","protected":false},"featured_media":403,"comment_status":"open","ping_status":"closed","template":"","meta":{"_monsterinsights_skip_tracking":false,"_monsterinsights_sitenote_active":false,"_monsterinsights_sitenote_note":"","_monsterinsights_sitenote_category":0},"product_brand":[],"product_cat":[35,42,46],"product_tag":[],"class_list":{"0":"post-397","1":"product","2":"type-product","3":"status-publish","4":"has-post-thumbnail","6":"product_cat-beatriz-arzamendi","7":"product_cat-musica-de-camara-instrumental","8":"product_cat-oboe","10":"first","11":"instock","12":"downloadable","13":"taxable","14":"shipping-taxable","15":"purchasable","16":"product-type-simple"},"aioseo_notices":[],"_links":{"self":[{"href":"https:\/\/eppure.net\/index.php?rest_route=\/wp\/v2\/product\/397","targetHints":{"allow":["GET"]}}],"collection":[{"href":"https:\/\/eppure.net\/index.php?rest_route=\/wp\/v2\/product"}],"about":[{"href":"https:\/\/eppure.net\/index.php?rest_route=\/wp\/v2\/types\/product"}],"replies":[{"embeddable":true,"href":"https:\/\/eppure.net\/index.php?rest_route=%2Fwp%2Fv2%2Fcomments&post=397"}],"wp:featuredmedia":[{"embeddable":true,"href":"https:\/\/eppure.net\/index.php?rest_route=\/wp\/v2\/media\/403"}],"wp:attachment":[{"href":"https:\/\/eppure.net\/index.php?rest_route=%2Fwp%2Fv2%2Fmedia&parent=397"}],"wp:term":[{"taxonomy":"product_brand","embeddable":true,"href":"https:\/\/eppure.net\/index.php?rest_route=%2Fwp%2Fv2%2Fproduct_brand&post=397"},{"taxonomy":"product_cat","embeddable":true,"href":"https:\/\/eppure.net\/index.php?rest_route=%2Fwp%2Fv2%2Fproduct_cat&post=397"},{"taxonomy":"product_tag","embeddable":true,"href":"https:\/\/eppure.net\/index.php?rest_route=%2Fwp%2Fv2%2Fproduct_tag&post=397"}],"curies":[{"name":"wp","href":"https:\/\/api.w.org\/{rel}","templated":true}]}}