{"id":390,"date":"2025-07-26T23:20:45","date_gmt":"2025-07-26T21:20:45","guid":{"rendered":"https:\/\/eppure.net\/?post_type=product&#038;p=390"},"modified":"2025-07-26T23:20:45","modified_gmt":"2025-07-26T21:20:45","slug":"beatriz-arzamendi-cuaderno-de-viaje-de-nerea","status":"publish","type":"product","link":"https:\/\/eppure.net\/?product=beatriz-arzamendi-cuaderno-de-viaje-de-nerea","title":{"rendered":"Beatriz Arzamendi-Cuaderno de viaje de Nerea"},"content":{"rendered":"<p>Ciclo de 3 obras para piano a 4 manos (2016), dedicado a Nerea Remiro Otamendi<\/p>\n<p>I. Entre nubes<\/p>\n<p>II. Entre olas<\/p>\n<p>III. Entre hojas<\/p>\n<p>&nbsp;<\/p>\n","protected":false},"excerpt":{"rendered":"<p>Este cuaderno de viaje, dedicado a Nerea, tiene una estructura tripartita:<\/p>\n<p>I. Entre nubes (como islas en el cielo..)<br \/>\nII. Entre olas (\u2026olas gigantes que os romp\u00e9is bramando)<br \/>\nIII. Entre hojas (corren, vuelan, suben, giran, revolotean\u2026)<br \/>\nEn mi caso, tambi\u00e9n la m\u00fasica me hab\u00eda ayudado a volar en las circunstancias dif\u00edciles y permitido transportarme a mundos a los que s\u00f3lo yo puedo acceder: mis fortalezas musicales.<br \/>\n\u201cA una ni\u00f1a sensible que transmite dulzura y musicalidad\u201d<br \/>\n(\u201cCuaderno de viaje de Nerea\u201d fue estrenada por Iberian &amp; Klavier en el Rudolfinum Sulk Hall de Praga el d\u00eda del cumplea\u00f1os de Nerea , 27 de abril de 2017)<\/p>\n","protected":false},"featured_media":392,"comment_status":"open","ping_status":"closed","template":"","meta":{"_monsterinsights_skip_tracking":false,"_monsterinsights_sitenote_active":false,"_monsterinsights_sitenote_note":"","_monsterinsights_sitenote_category":0},"product_brand":[],"product_cat":[35,40],"product_tag":[],"class_list":{"0":"post-390","1":"product","2":"type-product","3":"status-publish","4":"has-post-thumbnail","6":"product_cat-beatriz-arzamendi","7":"product_cat-piano-a-4-manos","9":"first","10":"instock","11":"downloadable","12":"taxable","13":"shipping-taxable","14":"purchasable","15":"product-type-simple"},"aioseo_notices":[],"_links":{"self":[{"href":"https:\/\/eppure.net\/index.php?rest_route=\/wp\/v2\/product\/390","targetHints":{"allow":["GET"]}}],"collection":[{"href":"https:\/\/eppure.net\/index.php?rest_route=\/wp\/v2\/product"}],"about":[{"href":"https:\/\/eppure.net\/index.php?rest_route=\/wp\/v2\/types\/product"}],"replies":[{"embeddable":true,"href":"https:\/\/eppure.net\/index.php?rest_route=%2Fwp%2Fv2%2Fcomments&post=390"}],"wp:featuredmedia":[{"embeddable":true,"href":"https:\/\/eppure.net\/index.php?rest_route=\/wp\/v2\/media\/392"}],"wp:attachment":[{"href":"https:\/\/eppure.net\/index.php?rest_route=%2Fwp%2Fv2%2Fmedia&parent=390"}],"wp:term":[{"taxonomy":"product_brand","embeddable":true,"href":"https:\/\/eppure.net\/index.php?rest_route=%2Fwp%2Fv2%2Fproduct_brand&post=390"},{"taxonomy":"product_cat","embeddable":true,"href":"https:\/\/eppure.net\/index.php?rest_route=%2Fwp%2Fv2%2Fproduct_cat&post=390"},{"taxonomy":"product_tag","embeddable":true,"href":"https:\/\/eppure.net\/index.php?rest_route=%2Fwp%2Fv2%2Fproduct_tag&post=390"}],"curies":[{"name":"wp","href":"https:\/\/api.w.org\/{rel}","templated":true}]}}