{"id":380,"date":"2025-07-26T01:05:53","date_gmt":"2025-07-25T23:05:53","guid":{"rendered":"https:\/\/eppure.net\/?post_type=product&#038;p=380"},"modified":"2025-10-29T21:16:45","modified_gmt":"2025-10-29T20:16:45","slug":"beatriz-arzamendi-tres-mujeres","status":"publish","type":"product","link":"https:\/\/eppure.net\/?product=beatriz-arzamendi-tres-mujeres","title":{"rendered":"Beatriz Arzamendi-Tres Mujeres"},"content":{"rendered":"<p>Escena de Danza: Tres Mujeres (2015).<\/p>\n<p>Para piano a 4 manos.<\/p>\n<p>&nbsp;<\/p>\n<p><iframe loading=\"lazy\" title=\"3 MUJERES - Promo en teatros\" width=\"830\" height=\"467\" src=\"https:\/\/www.youtube.com\/embed\/9W5FpSyZltM?feature=oembed\" frameborder=\"0\" allow=\"accelerometer; autoplay; clipboard-write; encrypted-media; gyroscope; picture-in-picture; web-share\" referrerpolicy=\"strict-origin-when-cross-origin\" allowfullscreen><\/iframe><\/p>\n","protected":false},"excerpt":{"rendered":"<p>\u00abEsta m\u00fasica nace de mi colaboraci\u00f3n con las compa\u00f1\u00edas de danza Enclave Danza y Larumbe Danza para la obra:\u201dTres muj3res\u201d una historia sobre la naturaleza femenina ba\u00f1ada en realismo m\u00e1gico. La atm\u00f3sfera sugerente y m\u00e1gica, a imagen de la narrativa suramericana, se sustenta en la diversidad cultural y geogr\u00e1fica de los pa\u00edses de origen de las tres creadoras (Italia, Brasil y Espa\u00f1a).\u00bb<\/p>\n","protected":false},"featured_media":381,"comment_status":"open","ping_status":"closed","template":"","meta":{"_monsterinsights_skip_tracking":false,"_monsterinsights_sitenote_active":false,"_monsterinsights_sitenote_note":"","_monsterinsights_sitenote_category":0},"product_brand":[],"product_cat":[35,40],"product_tag":[],"class_list":{"0":"post-380","1":"product","2":"type-product","3":"status-publish","4":"has-post-thumbnail","6":"product_cat-beatriz-arzamendi","7":"product_cat-piano-a-4-manos","9":"first","10":"instock","11":"downloadable","12":"taxable","13":"shipping-taxable","14":"purchasable","15":"product-type-simple"},"aioseo_notices":[],"_links":{"self":[{"href":"https:\/\/eppure.net\/index.php?rest_route=\/wp\/v2\/product\/380","targetHints":{"allow":["GET"]}}],"collection":[{"href":"https:\/\/eppure.net\/index.php?rest_route=\/wp\/v2\/product"}],"about":[{"href":"https:\/\/eppure.net\/index.php?rest_route=\/wp\/v2\/types\/product"}],"replies":[{"embeddable":true,"href":"https:\/\/eppure.net\/index.php?rest_route=%2Fwp%2Fv2%2Fcomments&post=380"}],"wp:featuredmedia":[{"embeddable":true,"href":"https:\/\/eppure.net\/index.php?rest_route=\/wp\/v2\/media\/381"}],"wp:attachment":[{"href":"https:\/\/eppure.net\/index.php?rest_route=%2Fwp%2Fv2%2Fmedia&parent=380"}],"wp:term":[{"taxonomy":"product_brand","embeddable":true,"href":"https:\/\/eppure.net\/index.php?rest_route=%2Fwp%2Fv2%2Fproduct_brand&post=380"},{"taxonomy":"product_cat","embeddable":true,"href":"https:\/\/eppure.net\/index.php?rest_route=%2Fwp%2Fv2%2Fproduct_cat&post=380"},{"taxonomy":"product_tag","embeddable":true,"href":"https:\/\/eppure.net\/index.php?rest_route=%2Fwp%2Fv2%2Fproduct_tag&post=380"}],"curies":[{"name":"wp","href":"https:\/\/api.w.org\/{rel}","templated":true}]}}