{"id":377,"date":"2025-07-25T22:29:24","date_gmt":"2025-07-25T20:29:24","guid":{"rendered":"https:\/\/eppure.net\/?post_type=product&#038;p=377"},"modified":"2025-07-25T22:29:24","modified_gmt":"2025-07-25T20:29:24","slug":"beatriz-arzamendi-psyque","status":"publish","type":"product","link":"https:\/\/eppure.net\/?product=beatriz-arzamendi-psyque","title":{"rendered":"Beatriz Arzamendi- Psyqu\u00e9"},"content":{"rendered":"<p>Obra para piano solo (2021) inspirada en el cuadro \u00abEl espejo psyqu\u00e9\u00bb\u00a0 de Berthe Morisot.<\/p>\n<p>Duraci\u00f3n aprox: 15:17<\/p>\n<p><iframe loading=\"lazy\" title=\"PSYQU\u00c9(2021)\" width=\"830\" height=\"467\" src=\"https:\/\/www.youtube.com\/embed\/ucweZ9fjQLc?feature=oembed\" frameborder=\"0\" allow=\"accelerometer; autoplay; clipboard-write; encrypted-media; gyroscope; picture-in-picture; web-share\" referrerpolicy=\"strict-origin-when-cross-origin\" allowfullscreen><\/iframe><\/p>\n","protected":false},"excerpt":{"rendered":"<p>\u00abHe basado muchas de mis obras en otras artes para, de esa manera, poder expresar mejor mi interioridad. La pintura apenas ten\u00eda presencia en mi cat\u00e1logo compositivo, y es precisamente un lienzo de<br \/>\nBERTHE MORISOT \u201cEl espejo psiqu\u00e9\u201d el que he elegido para escribir esta obra dedicada a la<br \/>\npianista Laura Sierra. La pintora impresionista Berthe Morisot (1841 1895) present\u00f3 con \u00e9xito este \u201cEspejo psiqu\u00e9\u201d en la Exposici\u00f3n impresionista de 1877. Era la \u00fanica mujer de la muestra. La pintura nos presenta a una joven visti\u00e9ndose pausadamente en la soledad de su habitaci\u00f3n frente al espejo de vestir, o psyqu\u00e9, estilo<br \/>\nImperio, que pertenec\u00eda a la pintora. Propongo una audici\u00f3n a trav\u00e9s de siete elementos que forman parte de la obra y que, por distintos motivos, han llamado mi atenci\u00f3n dentro de la belleza de este maravilloso cuadro.\u00bb<\/p>\n","protected":false},"featured_media":378,"comment_status":"open","ping_status":"closed","template":"","meta":{"_monsterinsights_skip_tracking":false,"_monsterinsights_sitenote_active":false,"_monsterinsights_sitenote_note":"","_monsterinsights_sitenote_category":0},"product_brand":[],"product_cat":[35,27],"product_tag":[],"class_list":{"0":"post-377","1":"product","2":"type-product","3":"status-publish","4":"has-post-thumbnail","6":"product_cat-beatriz-arzamendi","7":"product_cat-piano","9":"first","10":"instock","11":"downloadable","12":"taxable","13":"shipping-taxable","14":"purchasable","15":"product-type-simple"},"aioseo_notices":[],"_links":{"self":[{"href":"https:\/\/eppure.net\/index.php?rest_route=\/wp\/v2\/product\/377","targetHints":{"allow":["GET"]}}],"collection":[{"href":"https:\/\/eppure.net\/index.php?rest_route=\/wp\/v2\/product"}],"about":[{"href":"https:\/\/eppure.net\/index.php?rest_route=\/wp\/v2\/types\/product"}],"replies":[{"embeddable":true,"href":"https:\/\/eppure.net\/index.php?rest_route=%2Fwp%2Fv2%2Fcomments&post=377"}],"wp:featuredmedia":[{"embeddable":true,"href":"https:\/\/eppure.net\/index.php?rest_route=\/wp\/v2\/media\/378"}],"wp:attachment":[{"href":"https:\/\/eppure.net\/index.php?rest_route=%2Fwp%2Fv2%2Fmedia&parent=377"}],"wp:term":[{"taxonomy":"product_brand","embeddable":true,"href":"https:\/\/eppure.net\/index.php?rest_route=%2Fwp%2Fv2%2Fproduct_brand&post=377"},{"taxonomy":"product_cat","embeddable":true,"href":"https:\/\/eppure.net\/index.php?rest_route=%2Fwp%2Fv2%2Fproduct_cat&post=377"},{"taxonomy":"product_tag","embeddable":true,"href":"https:\/\/eppure.net\/index.php?rest_route=%2Fwp%2Fv2%2Fproduct_tag&post=377"}],"curies":[{"name":"wp","href":"https:\/\/api.w.org\/{rel}","templated":true}]}}