{"id":372,"date":"2025-07-25T22:06:05","date_gmt":"2025-07-25T20:06:05","guid":{"rendered":"https:\/\/eppure.net\/?post_type=product&#038;p=372"},"modified":"2025-08-03T02:17:46","modified_gmt":"2025-08-03T00:17:46","slug":"beatriz-arzamendi-sillage-huella-de-una-pandemia","status":"publish","type":"product","link":"https:\/\/eppure.net\/?product=beatriz-arzamendi-sillage-huella-de-una-pandemia","title":{"rendered":"Beatriz Arzamendi- Sillage (Huella de una pandemia)"},"content":{"rendered":"<p>10 Momentos para piano (2020).<\/p>\n<p>Duraci\u00f3n aprox: 23 minutos<\/p>\n<p>Un homenaje a los sanitarios en la crisis de la Covid 19.<\/p>\n<p><strong>Estreno:\u00a0<\/strong>En el VI Festival de m\u00fasica contempor\u00e1nea Crist\u00f3bal\u00a0 Halffter de Ponferrada (estreno parcial) y en el Festival COMA \u201922 (estreno completo).<\/p>\n<p><strong>Int\u00e9rprete:<\/strong>\u00a0Isabel Perez Dobarro en Ponferrada y Abel S\u00e1nchez-Aguilera en Madrid<\/p>\n<p><strong>Duraci\u00f3n:<\/strong>\u00a020\u2019<\/p>\n<p><iframe loading=\"lazy\" title=\"Beatriz Arzamendi - &quot;SILLAGE&quot; (Abel S\u00e1nchez-Aguilera, piano)\" width=\"830\" height=\"467\" src=\"https:\/\/www.youtube.com\/embed\/TyZ6hHjUgQU?feature=oembed\" frameborder=\"0\" allow=\"accelerometer; autoplay; clipboard-write; encrypted-media; gyroscope; picture-in-picture; web-share\" referrerpolicy=\"strict-origin-when-cross-origin\" allowfullscreen><\/iframe><\/p>\n","protected":false},"excerpt":{"rendered":"<p>\u00abEste t\u00e9rmino se refiere a la estela del perfume, al aroma que deja alguien tras su paso. Intenta transmitir<br \/>\nsensaciones, matices, que se hacen notar durante la evaporaci\u00f3n de la fragancia, creando una huella mantenida en el tiempo. He trasladado este concepto, a esta composici\u00f3n musical para piano solo. Diez momentos , diez estelas , diez huellas que se hacen m\u00fasica. Un homenaje a los sanitarios en la crisis de la Covid 19\u00bb.<\/p>\n","protected":false},"featured_media":373,"comment_status":"open","ping_status":"closed","template":"","meta":{"_monsterinsights_skip_tracking":false,"_monsterinsights_sitenote_active":false,"_monsterinsights_sitenote_note":"","_monsterinsights_sitenote_category":0},"product_brand":[],"product_cat":[35,27],"product_tag":[36,39,38,26],"class_list":{"0":"post-372","1":"product","2":"type-product","3":"status-publish","4":"has-post-thumbnail","6":"product_cat-beatriz-arzamendi","7":"product_cat-piano","8":"product_tag-arzamendi","9":"product_tag-ciclo","10":"product_tag-pandemia","11":"product_tag-piano","13":"first","14":"instock","15":"downloadable","16":"taxable","17":"shipping-taxable","18":"purchasable","19":"product-type-simple"},"aioseo_notices":[],"_links":{"self":[{"href":"https:\/\/eppure.net\/index.php?rest_route=\/wp\/v2\/product\/372","targetHints":{"allow":["GET"]}}],"collection":[{"href":"https:\/\/eppure.net\/index.php?rest_route=\/wp\/v2\/product"}],"about":[{"href":"https:\/\/eppure.net\/index.php?rest_route=\/wp\/v2\/types\/product"}],"replies":[{"embeddable":true,"href":"https:\/\/eppure.net\/index.php?rest_route=%2Fwp%2Fv2%2Fcomments&post=372"}],"wp:featuredmedia":[{"embeddable":true,"href":"https:\/\/eppure.net\/index.php?rest_route=\/wp\/v2\/media\/373"}],"wp:attachment":[{"href":"https:\/\/eppure.net\/index.php?rest_route=%2Fwp%2Fv2%2Fmedia&parent=372"}],"wp:term":[{"taxonomy":"product_brand","embeddable":true,"href":"https:\/\/eppure.net\/index.php?rest_route=%2Fwp%2Fv2%2Fproduct_brand&post=372"},{"taxonomy":"product_cat","embeddable":true,"href":"https:\/\/eppure.net\/index.php?rest_route=%2Fwp%2Fv2%2Fproduct_cat&post=372"},{"taxonomy":"product_tag","embeddable":true,"href":"https:\/\/eppure.net\/index.php?rest_route=%2Fwp%2Fv2%2Fproduct_tag&post=372"}],"curies":[{"name":"wp","href":"https:\/\/api.w.org\/{rel}","templated":true}]}}