{"id":298,"date":"2025-05-20T14:17:25","date_gmt":"2025-05-20T12:17:25","guid":{"rendered":"https:\/\/www.andresrapaport.com\/eppure\/?post_type=product&#038;p=298"},"modified":"2025-10-19T08:18:15","modified_gmt":"2025-10-19T06:18:15","slug":"ethel-smyth-la-marcha-de-las-mujeres-2","status":"publish","type":"product","link":"https:\/\/eppure.net\/?product=ethel-smyth-la-marcha-de-las-mujeres-2","title":{"rendered":"Ethel Smyth-La Marcha de las Mujeres"},"content":{"rendered":"<p>Versi\u00f3n en espa\u00f1ol para coro SSA con acordes cifrados de acompa\u00f1amiento<\/p>\n","protected":false},"excerpt":{"rendered":"<p>Versi\u00f3n en espa\u00f1ol. Atenci\u00f3n: la traducci\u00f3n es diferente de aquella cantada en Valencia.<\/p>\n","protected":false},"featured_media":315,"comment_status":"closed","ping_status":"closed","template":"","meta":{"_monsterinsights_skip_tracking":false,"_monsterinsights_sitenote_active":false,"_monsterinsights_sitenote_note":"","_monsterinsights_sitenote_category":0},"product_brand":[],"product_cat":[24],"product_tag":[],"class_list":{"0":"post-298","1":"product","2":"type-product","3":"status-publish","4":"has-post-thumbnail","6":"product_cat-musica-coral","8":"first","9":"instock","10":"downloadable","11":"taxable","12":"shipping-taxable","13":"purchasable","14":"product-type-simple"},"aioseo_notices":[],"_links":{"self":[{"href":"https:\/\/eppure.net\/index.php?rest_route=\/wp\/v2\/product\/298","targetHints":{"allow":["GET"]}}],"collection":[{"href":"https:\/\/eppure.net\/index.php?rest_route=\/wp\/v2\/product"}],"about":[{"href":"https:\/\/eppure.net\/index.php?rest_route=\/wp\/v2\/types\/product"}],"replies":[{"embeddable":true,"href":"https:\/\/eppure.net\/index.php?rest_route=%2Fwp%2Fv2%2Fcomments&post=298"}],"wp:featuredmedia":[{"embeddable":true,"href":"https:\/\/eppure.net\/index.php?rest_route=\/wp\/v2\/media\/315"}],"wp:attachment":[{"href":"https:\/\/eppure.net\/index.php?rest_route=%2Fwp%2Fv2%2Fmedia&parent=298"}],"wp:term":[{"taxonomy":"product_brand","embeddable":true,"href":"https:\/\/eppure.net\/index.php?rest_route=%2Fwp%2Fv2%2Fproduct_brand&post=298"},{"taxonomy":"product_cat","embeddable":true,"href":"https:\/\/eppure.net\/index.php?rest_route=%2Fwp%2Fv2%2Fproduct_cat&post=298"},{"taxonomy":"product_tag","embeddable":true,"href":"https:\/\/eppure.net\/index.php?rest_route=%2Fwp%2Fv2%2Fproduct_tag&post=298"}],"curies":[{"name":"wp","href":"https:\/\/api.w.org\/{rel}","templated":true}]}}