{"id":288,"date":"2025-05-20T14:17:25","date_gmt":"2025-05-20T12:17:25","guid":{"rendered":"https:\/\/www.andresrapaport.com\/eppure\/?post_type=product&#038;p=288"},"modified":"2025-05-20T14:17:37","modified_gmt":"2025-05-20T12:17:37","slug":"manchado-obras-corales","status":"publish","type":"product","link":"https:\/\/eppure.net\/?product=manchado-obras-corales","title":{"rendered":"Manchado- Obras corales"},"content":{"rendered":"<p>Berceuse (duraci\u00f3n: 5&#8242;). Idioma: espa\u00f1ol.<\/p>\n<p>Tam tu ku \u00e9h (duraci\u00f3n: 1&#8217;40\u00bb)<\/p>\n<p>2 obras corales para 3 voces femeninas a cappella<\/p>\n","protected":false},"excerpt":{"rendered":"<p>Berceuse (duraci\u00f3n: 5&#8242;). Idioma: espa\u00f1ol. Tam tu ku \u00e9h (duraci\u00f3n: 1&#8217;40\u00bb) 2 obras corales para 3 voces femeninas a cappella<\/p>\n","protected":false},"featured_media":305,"comment_status":"closed","ping_status":"closed","template":"","meta":{"_monsterinsights_skip_tracking":false,"_monsterinsights_sitenote_active":false,"_monsterinsights_sitenote_note":"","_monsterinsights_sitenote_category":0},"product_brand":[],"product_cat":[24],"product_tag":[],"class_list":{"0":"post-288","1":"product","2":"type-product","3":"status-publish","4":"has-post-thumbnail","6":"product_cat-musica-coral","8":"first","9":"instock","10":"downloadable","11":"taxable","12":"shipping-taxable","13":"purchasable","14":"product-type-simple"},"aioseo_notices":[],"_links":{"self":[{"href":"https:\/\/eppure.net\/index.php?rest_route=\/wp\/v2\/product\/288","targetHints":{"allow":["GET"]}}],"collection":[{"href":"https:\/\/eppure.net\/index.php?rest_route=\/wp\/v2\/product"}],"about":[{"href":"https:\/\/eppure.net\/index.php?rest_route=\/wp\/v2\/types\/product"}],"replies":[{"embeddable":true,"href":"https:\/\/eppure.net\/index.php?rest_route=%2Fwp%2Fv2%2Fcomments&post=288"}],"wp:featuredmedia":[{"embeddable":true,"href":"https:\/\/eppure.net\/index.php?rest_route=\/wp\/v2\/media\/305"}],"wp:attachment":[{"href":"https:\/\/eppure.net\/index.php?rest_route=%2Fwp%2Fv2%2Fmedia&parent=288"}],"wp:term":[{"taxonomy":"product_brand","embeddable":true,"href":"https:\/\/eppure.net\/index.php?rest_route=%2Fwp%2Fv2%2Fproduct_brand&post=288"},{"taxonomy":"product_cat","embeddable":true,"href":"https:\/\/eppure.net\/index.php?rest_route=%2Fwp%2Fv2%2Fproduct_cat&post=288"},{"taxonomy":"product_tag","embeddable":true,"href":"https:\/\/eppure.net\/index.php?rest_route=%2Fwp%2Fv2%2Fproduct_tag&post=288"}],"curies":[{"name":"wp","href":"https:\/\/api.w.org\/{rel}","templated":true}]}}