{"id":283,"date":"2025-05-20T14:17:25","date_gmt":"2025-05-20T12:17:25","guid":{"rendered":"https:\/\/www.andresrapaport.com\/eppure\/?post_type=product&#038;p=283"},"modified":"2025-10-23T07:14:04","modified_gmt":"2025-10-23T05:14:04","slug":"manchado-teoria-de-los-matices","status":"publish","type":"product","link":"https:\/\/eppure.net\/?product=manchado-teoria-de-los-matices","title":{"rendered":"Manchado- Teor\u00eda de los Matices"},"content":{"rendered":"<p>Ciclo para voz, viola y piano con poemas de Marif\u00e9 Santiago Bola\u00f1os. Partitura general y partes. (2023)<\/p>\n<p>Duraci\u00f3n: 10&#8242;<\/p>\n<p>&nbsp;<\/p>\n","protected":false},"excerpt":{"rendered":"<p>Ciclo para voz, viola y piano con poemas de Marif\u00e9 Santiago Bola\u00f1os. Partitura general y partes. (2023) Duraci\u00f3n: 10&#8242; &nbsp;<\/p>\n","protected":false},"featured_media":300,"comment_status":"closed","ping_status":"closed","template":"","meta":{"_monsterinsights_skip_tracking":false,"_monsterinsights_sitenote_active":false,"_monsterinsights_sitenote_note":"","_monsterinsights_sitenote_category":0},"product_brand":[],"product_cat":[25,33],"product_tag":[],"class_list":{"0":"post-283","1":"product","2":"type-product","3":"status-publish","4":"has-post-thumbnail","6":"product_cat-musica-de-camara-vocal","7":"product_cat-viola","9":"first","10":"instock","11":"downloadable","12":"taxable","13":"shipping-taxable","14":"purchasable","15":"product-type-simple"},"aioseo_notices":[],"_links":{"self":[{"href":"https:\/\/eppure.net\/index.php?rest_route=\/wp\/v2\/product\/283","targetHints":{"allow":["GET"]}}],"collection":[{"href":"https:\/\/eppure.net\/index.php?rest_route=\/wp\/v2\/product"}],"about":[{"href":"https:\/\/eppure.net\/index.php?rest_route=\/wp\/v2\/types\/product"}],"replies":[{"embeddable":true,"href":"https:\/\/eppure.net\/index.php?rest_route=%2Fwp%2Fv2%2Fcomments&post=283"}],"wp:featuredmedia":[{"embeddable":true,"href":"https:\/\/eppure.net\/index.php?rest_route=\/wp\/v2\/media\/300"}],"wp:attachment":[{"href":"https:\/\/eppure.net\/index.php?rest_route=%2Fwp%2Fv2%2Fmedia&parent=283"}],"wp:term":[{"taxonomy":"product_brand","embeddable":true,"href":"https:\/\/eppure.net\/index.php?rest_route=%2Fwp%2Fv2%2Fproduct_brand&post=283"},{"taxonomy":"product_cat","embeddable":true,"href":"https:\/\/eppure.net\/index.php?rest_route=%2Fwp%2Fv2%2Fproduct_cat&post=283"},{"taxonomy":"product_tag","embeddable":true,"href":"https:\/\/eppure.net\/index.php?rest_route=%2Fwp%2Fv2%2Fproduct_tag&post=283"}],"curies":[{"name":"wp","href":"https:\/\/api.w.org\/{rel}","templated":true}]}}